{"id":2943,"date":"2026-05-05T18:09:33","date_gmt":"2026-05-05T16:09:33","guid":{"rendered":"https:\/\/www.prokletamista.cz\/?page_id=2943"},"modified":"2026-05-06T07:34:05","modified_gmt":"2026-05-06T05:34:05","slug":"international-press","status":"publish","type":"page","link":"https:\/\/www.prokletamista.cz\/de\/international-press\/","title":{"rendered":"International\/Presse"},"content":{"rendered":"<h3 data-section-id=\"q86t41\" data-start=\"28\" data-end=\"69\">\u00dcber die Autorin: Veronika Rubinkova<\/h3>\n<p><a href=\"https:\/\/i0.wp.com\/www.prokletamista.cz\/wp-content\/uploads\/2026\/05\/515921042_2767908273411667_3470617182607113968_n-scaled.jpg?ssl=1\"><img data-recalc-dims=\"1\" loading=\"lazy\" decoding=\"async\" data-attachment-id=\"2956\" data-permalink=\"https:\/\/www.prokletamista.cz\/de\/international-press\/515921042_2767908273411667_3470617182607113968_n\/\" data-orig-file=\"https:\/\/i0.wp.com\/www.prokletamista.cz\/wp-content\/uploads\/2026\/05\/515921042_2767908273411667_3470617182607113968_n-scaled.jpg?fit=1154%2C2560&amp;ssl=1\" data-orig-size=\"1154,2560\" data-comments-opened=\"1\" data-image-meta=\"{&quot;aperture&quot;:&quot;0&quot;,&quot;credit&quot;:&quot;&quot;,&quot;camera&quot;:&quot;&quot;,&quot;caption&quot;:&quot;&quot;,&quot;created_timestamp&quot;:&quot;0&quot;,&quot;copyright&quot;:&quot;&quot;,&quot;focal_length&quot;:&quot;0&quot;,&quot;iso&quot;:&quot;0&quot;,&quot;shutter_speed&quot;:&quot;0&quot;,&quot;title&quot;:&quot;&quot;,&quot;orientation&quot;:&quot;0&quot;}\" data-image-title=\"515921042_2767908273411667_3470617182607113968_n\" data-image-description=\"\" data-image-caption=\"\" data-large-file=\"https:\/\/i0.wp.com\/www.prokletamista.cz\/wp-content\/uploads\/2026\/05\/515921042_2767908273411667_3470617182607113968_n-scaled.jpg?fit=462%2C1024&amp;ssl=1\" class=\"alignnone size-medium wp-image-2956\" src=\"https:\/\/i0.wp.com\/www.prokletamista.cz\/wp-content\/uploads\/2026\/05\/515921042_2767908273411667_3470617182607113968_n.jpg?resize=135%2C300&#038;ssl=1\" alt=\"\" width=\"135\" height=\"300\" srcset=\"https:\/\/i0.wp.com\/www.prokletamista.cz\/wp-content\/uploads\/2026\/05\/515921042_2767908273411667_3470617182607113968_n-scaled.jpg?resize=135%2C300&amp;ssl=1 135w, https:\/\/i0.wp.com\/www.prokletamista.cz\/wp-content\/uploads\/2026\/05\/515921042_2767908273411667_3470617182607113968_n-scaled.jpg?resize=462%2C1024&amp;ssl=1 462w, https:\/\/i0.wp.com\/www.prokletamista.cz\/wp-content\/uploads\/2026\/05\/515921042_2767908273411667_3470617182607113968_n-scaled.jpg?resize=768%2C1703&amp;ssl=1 768w, https:\/\/i0.wp.com\/www.prokletamista.cz\/wp-content\/uploads\/2026\/05\/515921042_2767908273411667_3470617182607113968_n-scaled.jpg?resize=693%2C1536&amp;ssl=1 693w, https:\/\/i0.wp.com\/www.prokletamista.cz\/wp-content\/uploads\/2026\/05\/515921042_2767908273411667_3470617182607113968_n-scaled.jpg?resize=924%2C2048&amp;ssl=1 924w, https:\/\/i0.wp.com\/www.prokletamista.cz\/wp-content\/uploads\/2026\/05\/515921042_2767908273411667_3470617182607113968_n-scaled.jpg?resize=600%2C1330&amp;ssl=1 600w, https:\/\/i0.wp.com\/www.prokletamista.cz\/wp-content\/uploads\/2026\/05\/515921042_2767908273411667_3470617182607113968_n-scaled.jpg?resize=945%2C2095&amp;ssl=1 945w, https:\/\/i0.wp.com\/www.prokletamista.cz\/wp-content\/uploads\/2026\/05\/515921042_2767908273411667_3470617182607113968_n-scaled.jpg?w=1154&amp;ssl=1 1154w\" sizes=\"auto, (max-width: 135px) 100vw, 135px\" \/><\/a><\/p>\n<p data-start=\"71\" data-end=\"463\">Ich lebe und arbeite im B\u00f6hmerwald (\u0160umava), einer Landschaft voller Legenden, vergessener Schicksale und verborgener Geschichten. Diese Region pr\u00e4gt nicht nur mein Leben, sondern auch mein literarisches Schaffen. Seit vielen Jahren widme ich mich mit Leidenschaft der Erforschung alter \u00dcberlieferungen, Mythen und historischer Zusammenh\u00e4nge, die ich in meinen B\u00fcchern literarisch verarbeite.<\/p>\n<p data-start=\"465\" data-end=\"786\">Als Autorin mit besonderem Interesse an Mystik, europ\u00e4ischen Kulturen und der Geschichte Mitteleuropas verbinde ich historische Recherche mit literarischer Imagination und digitalen Arc<\/p>\n<p data-start=\"465\" data-end=\"786\">hiven. Auf der Suche nach Spuren alter Kulte und vergangener Weltbilder bereise ich Megalithst\u00e4tten und historische Orte in ganz Europa.<\/p>\n<h2 data-section-id=\"bt27un\" data-start=\"788\" data-end=\"800\">Portfolio<\/h2>\n<h3 data-section-id=\"awyr89\" data-start=\"802\" data-end=\"832\">Autorin von acht B\u00fcchern<\/h3>\n<p data-start=\"833\" data-end=\"860\">Darunter die Romantrilogie:<\/p>\n<ul data-start=\"862\" data-end=\"1087\">\n<li data-section-id=\"26am8h\" data-start=\"862\" data-end=\"909\"><em data-start=\"864\" data-end=\"883\">Roman: Der Christlhof<\/em> (<em data-start=\"885\" data-end=\"908\">Die Ein\u00f6de Christlhof<\/em>)<\/li>\n<li data-section-id=\"110sbyy\" data-start=\"910\" data-end=\"1045\"><em data-start=\"912\" data-end=\"935\">Roman: Die zw\u00f6lf schlafenden Jungfrauen<\/em> (<em data-start=\"937\" data-end=\"971\">Die zw\u00f6lf schlafenden Jungfrauen<\/em> \u2013 inspiriert vom Schicksal des Schriftstellers Christian Heinrich Spiess)<\/li>\n<li data-section-id=\"lxuhjm\" data-start=\"1046\" data-end=\"1087\"><em data-start=\"1048\" data-end=\"1062\">Bl\u00e1znova hra<\/em> (<em data-start=\"1064\" data-end=\"1086\">Das Spiel des Narren<\/em>)<\/li>\n<\/ul>\n<p data-start=\"1089\" data-end=\"1422\">Die Saga erz\u00e4hlt nicht nur eine vielschichtige Familiengeschichte, sondern entfaltet zugleich die mystische Suche nach einem verborgenen Geheimnis, das mit einem r\u00e4tselhaften Orden und dem Symbol der zw\u00f6lf Jungfrauen verbunden ist. Dar\u00fcber hinaus ver\u00f6ffentlichte ich f\u00fcnf Sachb\u00fccher \u00fcber magische, vergessene und geheimnisvolle Orte.<\/p>\n<h3 data-section-id=\"jh6rli\" data-start=\"1424\" data-end=\"1451\">Gr\u00fcnderin von RUBIDOS<\/h3>\n<p data-start=\"1452\" data-end=\"1855\">Ich bin die Gr\u00fcnderin des internationalen Portals <em data-start=\"1502\" data-end=\"1514\">rubidos.cz<\/em> \u2013 einer literarisch-kulturellen Plattform mit touristischem Mehrwert. Das Projekt verbindet Reisen mit Geschichten und umfasst ein einzigartiges Archiv von mehr als 1.000 Sagen und Legenden aus Tschechien und den Grenzregionen, verf\u00fcgbar in vier Sprachen. S\u00e4mtliche Texte und Erz\u00e4hlungen wurden von mir pers\u00f6nlich recherchiert und verfasst.<\/p>\n<h3 data-section-id=\"15tn8ix\" data-start=\"1857\" data-end=\"1879\">Recherche-Archiv<\/h3>\n<p data-start=\"1880\" data-end=\"2072\">Mit meinem Projekt <em data-start=\"1899\" data-end=\"1917\">prokletamista.cz<\/em> dokumentiere ich die dunklen und geheimnisvollen Orte Europas. Dieses Archiv bildet eine unersch\u00f6pfliche Inspirationsquelle f\u00fcr meine literarische Arbeit.<\/p>\n<h2 data-section-id=\"1ttb8z6\" data-start=\"2074\" data-end=\"2125\"><span role=\"text\">Aktuelles Projekt: <em data-start=\"2096\" data-end=\"2125\">Die Ungeborene (Nenarozen\u00e1)<\/em><\/span><\/h2>\n<p data-start=\"2127\" data-end=\"2422\">Ein Mystery-Thriller \u00fcber das Schicksal der untergegangenen Stadt Pre\u00dfnitz (P\u0159\u00edse\u010dnice). Der Roman basiert auf sorgf\u00e4ltiger historischer Recherche und entfaltet vor der d\u00fcsteren Atmosph\u00e4re des b\u00f6hmisch-deutschen Grenzlandes eine Geschichte voller Geheimnisse, Verlust und verdr\u00e4ngter Erinnerung.<\/p>\n<p data-start=\"2424\" data-end=\"2475\"><strong data-start=\"2424\" data-end=\"2434\">Genre:<\/strong> Mystery Thriller \/ Central European Noir<\/p>\n<p data-start=\"2477\" data-end=\"2569\"><strong data-start=\"2477\" data-end=\"2488\">Status:<\/strong> Manuskript abgeschlossen<br data-start=\"2513\" data-end=\"2516\">(Deutsche Leseprobe und Expos\u00e9 auf Anfrage verf\u00fcgbar)<\/p>\n<p data-start=\"2571\" data-end=\"2644\" data-is-last-node=\"\" data-is-only-node=\"\"><strong data-start=\"2571\" data-end=\"2583\">Kontakt:<\/strong><br data-start=\"2583\" data-end=\"2586\">veronikarubinkova@email.cz<br data-start=\"2599\" data-end=\"2602\">Web: <a class=\"decorated-link\" href=\"http:\/\/www.prokletamista.cz\/de\/\" target=\"_new\" rel=\"noopener\" data-start=\"2607\" data-end=\"2627\">www.prokletamista.cz<\/a> | <a class=\"decorated-link\" href=\"http:\/\/www.rubidos.cz\" target=\"_new\" rel=\"noopener\" data-start=\"2630\" data-end=\"2644\" data-is-last-node=\"\">www.rubidos.cz<\/a><\/p>\n<p data-start=\"2571\" data-end=\"2644\" data-is-last-node=\"\" data-is-only-node=\"\">Die H\u00f6hle Utroba \u2013 ein Ort, an dem das Licht die Materie ber\u00fchrt. Das symbolische Herz der thrakischen Mystik und ein zentraler Schauplatz meines Romans \u203aDie Ungeborene\u2039. Genau hier tritt das tiefe Blutged\u00e4chtnis seine Reise an.<\/p>\nngg_shortcode_0_placeholder","protected":false},"excerpt":{"rendered":"<p>\u00dcber die Autorin: Veronika Rubinkova Ich lebe und arbeite im B\u00f6hmerwald (\u0160umava), einer Landschaft voller Legenden, vergessener Schicksale und verborgener Geschichten. Diese Region pr\u00e4gt nicht nur mein Leben, sondern auch mein literarisches Schaffen. Seit vielen Jahren widme ich mich mit&#8230; <a class=\"more-link\" href=\"https:\/\/www.prokletamista.cz\/de\/international-press\/\">Weiterlesen &rarr;<\/a><\/p>","protected":false},"author":1,"featured_media":0,"parent":0,"menu_order":0,"comment_status":"closed","ping_status":"closed","template":"","meta":{"_monsterinsights_skip_tracking":false,"_monsterinsights_sitenote_active":false,"_monsterinsights_sitenote_note":"","_monsterinsights_sitenote_category":0,"ngg_post_thumbnail":0,"footnotes":""},"class_list":["post-2943","page","type-page","status-publish","hentry"],"yoast_head":"<!-- This site is optimized with the Yoast SEO plugin v27.6 - https:\/\/yoast.com\/product\/yoast-seo-wordpress\/ -->\n<title>Internationale \/ Presse - Veronika Rub\u00ednkov\u00e1<\/title>\n<meta name=\"robots\" content=\"index, follow, max-snippet:-1, max-image-preview:large, max-video-preview:-1\" \/>\n<link rel=\"canonical\" href=\"https:\/\/www.prokletamista.cz\/de\/international-press\/\" \/>\n<meta property=\"og:locale\" content=\"de_DE\" \/>\n<meta property=\"og:type\" content=\"article\" \/>\n<meta property=\"og:title\" content=\"Internationale \/ Presse - Veronika Rub\u00ednkov\u00e1\" \/>\n<meta property=\"og:description\" content=\"\u00dcber die Autorin: Veronika Rubinkova Ich lebe und arbeite im B\u00f6hmerwald (\u0160umava), einer Landschaft voller Legenden, vergessener Schicksale und verborgener Geschichten. Diese Region pr\u00e4gt nicht nur mein Leben, sondern auch mein literarisches Schaffen. Seit vielen Jahren widme ich mich mit... Weiterlesen &rarr;\" \/>\n<meta property=\"og:url\" content=\"https:\/\/www.prokletamista.cz\/de\/international-press\/\" \/>\n<meta property=\"og:site_name\" content=\"Veronika Rub\u00ednkov\u00e1\" \/>\n<meta property=\"article:publisher\" content=\"https:\/\/www.facebook.com\/prokletamista\/\" \/>\n<meta property=\"article:modified_time\" content=\"2026-05-06T05:34:05+00:00\" \/>\n<meta property=\"og:image\" content=\"https:\/\/www.prokletamista.cz\/wp-content\/uploads\/2026\/05\/515921042_2767908273411667_3470617182607113968_n-135x300.jpg\" \/>\n<meta name=\"twitter:card\" content=\"summary_large_image\" \/>\n<meta name=\"twitter:label1\" content=\"Gesch\u00e4tzte Lesezeit\" \/>\n\t<meta name=\"twitter:data1\" content=\"3\u00a0Minuten\" \/>\n<script type=\"application\/ld+json\" class=\"yoast-schema-graph\">{\"@context\":\"https:\\\/\\\/schema.org\",\"@graph\":[{\"@type\":\"WebPage\",\"@id\":\"https:\\\/\\\/www.prokletamista.cz\\\/international-press\\\/\",\"url\":\"https:\\\/\\\/www.prokletamista.cz\\\/international-press\\\/\",\"name\":\"Internationale \\\/ Presse - Veronika Rub\u00ednkov\u00e1\",\"isPartOf\":{\"@id\":\"https:\\\/\\\/www.prokletamista.cz\\\/#website\"},\"primaryImageOfPage\":{\"@id\":\"https:\\\/\\\/www.prokletamista.cz\\\/international-press\\\/#primaryimage\"},\"image\":{\"@id\":\"https:\\\/\\\/www.prokletamista.cz\\\/international-press\\\/#primaryimage\"},\"thumbnailUrl\":\"https:\\\/\\\/www.prokletamista.cz\\\/wp-content\\\/uploads\\\/2026\\\/05\\\/515921042_2767908273411667_3470617182607113968_n-135x300.jpg\",\"datePublished\":\"2026-05-05T16:09:33+00:00\",\"dateModified\":\"2026-05-06T05:34:05+00:00\",\"breadcrumb\":{\"@id\":\"https:\\\/\\\/www.prokletamista.cz\\\/international-press\\\/#breadcrumb\"},\"inLanguage\":\"de\",\"potentialAction\":[{\"@type\":\"ReadAction\",\"target\":[\"https:\\\/\\\/www.prokletamista.cz\\\/international-press\\\/\"]}]},{\"@type\":\"ImageObject\",\"inLanguage\":\"de\",\"@id\":\"https:\\\/\\\/www.prokletamista.cz\\\/international-press\\\/#primaryimage\",\"url\":\"https:\\\/\\\/www.prokletamista.cz\\\/wp-content\\\/uploads\\\/2026\\\/05\\\/515921042_2767908273411667_3470617182607113968_n-135x300.jpg\",\"contentUrl\":\"https:\\\/\\\/www.prokletamista.cz\\\/wp-content\\\/uploads\\\/2026\\\/05\\\/515921042_2767908273411667_3470617182607113968_n-135x300.jpg\"},{\"@type\":\"BreadcrumbList\",\"@id\":\"https:\\\/\\\/www.prokletamista.cz\\\/international-press\\\/#breadcrumb\",\"itemListElement\":[{\"@type\":\"ListItem\",\"position\":1,\"name\":\"Dom\u016f\",\"item\":\"https:\\\/\\\/www.prokletamista.cz\\\/\"},{\"@type\":\"ListItem\",\"position\":2,\"name\":\"Internationale \\\/ Presse\"}]},{\"@type\":\"WebSite\",\"@id\":\"https:\\\/\\\/www.prokletamista.cz\\\/#website\",\"url\":\"https:\\\/\\\/www.prokletamista.cz\\\/\",\"name\":\"Veronika Rub\u00ednkov\u00e1\",\"description\":\"Proklet\u00e1 m\u00edsta, legendy a historie Evropy\",\"potentialAction\":[{\"@type\":\"SearchAction\",\"target\":{\"@type\":\"EntryPoint\",\"urlTemplate\":\"https:\\\/\\\/www.prokletamista.cz\\\/?s={search_term_string}\"},\"query-input\":{\"@type\":\"PropertyValueSpecification\",\"valueRequired\":true,\"valueName\":\"search_term_string\"}}],\"inLanguage\":\"de\"}]}<\/script>\n<!-- \/ Yoast SEO plugin. -->","yoast_head_json":{"title":"Internationale \/ Presse - Veronika Rub\u00ednkov\u00e1","robots":{"index":"index","follow":"follow","max-snippet":"max-snippet:-1","max-image-preview":"max-image-preview:large","max-video-preview":"max-video-preview:-1"},"canonical":"https:\/\/www.prokletamista.cz\/de\/international-press\/","og_locale":"de_DE","og_type":"article","og_title":"Internationale \/ Presse - Veronika Rub\u00ednkov\u00e1","og_description":"\u00dcber die Autorin: Veronika Rubinkova Ich lebe und arbeite im B\u00f6hmerwald (\u0160umava), einer Landschaft voller Legenden, vergessener Schicksale und verborgener Geschichten. Diese Region pr\u00e4gt nicht nur mein Leben, sondern auch mein literarisches Schaffen. Seit vielen Jahren widme ich mich mit... Weiterlesen &rarr;","og_url":"https:\/\/www.prokletamista.cz\/de\/international-press\/","og_site_name":"Veronika Rub\u00ednkov\u00e1","article_publisher":"https:\/\/www.facebook.com\/prokletamista\/","article_modified_time":"2026-05-06T05:34:05+00:00","og_image":[{"url":"https:\/\/www.prokletamista.cz\/wp-content\/uploads\/2026\/05\/515921042_2767908273411667_3470617182607113968_n-135x300.jpg","type":"","width":"","height":""}],"twitter_card":"summary_large_image","twitter_misc":{"Gesch\u00e4tzte Lesezeit":"3\u00a0Minuten"},"schema":{"@context":"https:\/\/schema.org","@graph":[{"@type":"WebPage","@id":"https:\/\/www.prokletamista.cz\/international-press\/","url":"https:\/\/www.prokletamista.cz\/international-press\/","name":"Internationale \/ Presse - Veronika Rub\u00ednkov\u00e1","isPartOf":{"@id":"https:\/\/www.prokletamista.cz\/#website"},"primaryImageOfPage":{"@id":"https:\/\/www.prokletamista.cz\/international-press\/#primaryimage"},"image":{"@id":"https:\/\/www.prokletamista.cz\/international-press\/#primaryimage"},"thumbnailUrl":"https:\/\/www.prokletamista.cz\/wp-content\/uploads\/2026\/05\/515921042_2767908273411667_3470617182607113968_n-135x300.jpg","datePublished":"2026-05-05T16:09:33+00:00","dateModified":"2026-05-06T05:34:05+00:00","breadcrumb":{"@id":"https:\/\/www.prokletamista.cz\/international-press\/#breadcrumb"},"inLanguage":"de","potentialAction":[{"@type":"ReadAction","target":["https:\/\/www.prokletamista.cz\/international-press\/"]}]},{"@type":"ImageObject","inLanguage":"de","@id":"https:\/\/www.prokletamista.cz\/international-press\/#primaryimage","url":"https:\/\/www.prokletamista.cz\/wp-content\/uploads\/2026\/05\/515921042_2767908273411667_3470617182607113968_n-135x300.jpg","contentUrl":"https:\/\/www.prokletamista.cz\/wp-content\/uploads\/2026\/05\/515921042_2767908273411667_3470617182607113968_n-135x300.jpg"},{"@type":"BreadcrumbList","@id":"https:\/\/www.prokletamista.cz\/international-press\/#breadcrumb","itemListElement":[{"@type":"ListItem","position":1,"name":"Dom\u016f","item":"https:\/\/www.prokletamista.cz\/"},{"@type":"ListItem","position":2,"name":"Internationale \/ Presse"}]},{"@type":"WebSite","@id":"https:\/\/www.prokletamista.cz\/#website","url":"https:\/\/www.prokletamista.cz\/","name":"Veronika Rub\u00ednkov\u00e1","description":"Geheimnisvolle Orte, Legenden und Geschichte Europas","potentialAction":[{"@type":"SearchAction","target":{"@type":"EntryPoint","urlTemplate":"https:\/\/www.prokletamista.cz\/?s={search_term_string}"},"query-input":{"@type":"PropertyValueSpecification","valueRequired":true,"valueName":"search_term_string"}}],"inLanguage":"de"}]}},"jetpack_sharing_enabled":true,"jetpack_shortlink":"https:\/\/wp.me\/P7x1Ht-Lt","jetpack-related-posts":[],"_links":{"self":[{"href":"https:\/\/www.prokletamista.cz\/de\/wp-json\/wp\/v2\/pages\/2943","targetHints":{"allow":["GET"]}}],"collection":[{"href":"https:\/\/www.prokletamista.cz\/de\/wp-json\/wp\/v2\/pages"}],"about":[{"href":"https:\/\/www.prokletamista.cz\/de\/wp-json\/wp\/v2\/types\/page"}],"author":[{"embeddable":true,"href":"https:\/\/www.prokletamista.cz\/de\/wp-json\/wp\/v2\/users\/1"}],"replies":[{"embeddable":true,"href":"https:\/\/www.prokletamista.cz\/de\/wp-json\/wp\/v2\/comments?post=2943"}],"version-history":[{"count":5,"href":"https:\/\/www.prokletamista.cz\/de\/wp-json\/wp\/v2\/pages\/2943\/revisions"}],"predecessor-version":[{"id":2961,"href":"https:\/\/www.prokletamista.cz\/de\/wp-json\/wp\/v2\/pages\/2943\/revisions\/2961"}],"wp:attachment":[{"href":"https:\/\/www.prokletamista.cz\/de\/wp-json\/wp\/v2\/media?parent=2943"}],"curies":[{"name":"wp","href":"https:\/\/api.w.org\/{rel}","templated":true}]}}