{"id":380,"date":"2016-02-24T13:27:28","date_gmt":"2016-02-24T12:27:28","guid":{"rendered":"http:\/\/www.prokletamista.cz\/?page_id=380"},"modified":"2026-05-05T18:23:10","modified_gmt":"2026-05-05T16:23:10","slug":"o-mne","status":"publish","type":"page","link":"https:\/\/www.prokletamista.cz\/de\/o-mne\/","title":{"rendered":"\u00dcber die Autorin"},"content":{"rendered":"<p>Sch\u00f6n, dass Sie meine Website besuchen.<\/p>\n<p>Ich hei\u00dfe Veronika Rub\u00ednkov\u00e1 und trage den Familiennamen meiner Gro\u00dfeltern, zu denen ich stets eine enge und liebevolle Beziehung hatte.\n\nMein Gro\u00dfvater hat in mir die Liebe zur Natur geweckt \u2013 zur Pilzsuche und zum Streifen durch die W\u00e4lder des B\u00f6hmerwaldes. Meine ausgepr\u00e4gte Orientierungslosigkeit im Gel\u00e4nde ist bis heute ein Familienmerkmal, das sich zuverl\u00e4ssig beim Wandern in den W\u00e4ldern best\u00e4tigt.\n\nDie Familie Rub\u00ednek stammt urspr\u00fcnglich aus \u010ceb\u00edn bei Br\u00fcnn. Von dort zogen meine Gro\u00dfeltern sp\u00e4ter nach Su\u0161ice, dem Heimatort meiner Gro\u00dfmutter.\n\nM\u00fctterlicherseits reichen die Wurzeln unserer Familie \u00fcber viele Generationen zur\u00fcck in die Region Su\u0161ice im B\u00f6hmerwald sowie in das nahe gelegene Dobr\u0161\u00edn.&nbsp;<\/p>\n<p>Ich wurde am 16.05.1980 in Prag geboren. Meine Kindheit verbrachte ich in dem kleinen Dorf Ann\u00edn, wo ich am liebsten durch die W\u00e4lder und rund um die Kirche des Heiligen Moritz, bekannt als Mou\u0159enec, streifte.\n\nDiese eindrucksvolle und geheimnisvolle Kirche mit ihrem barocken Beinhaus ist unter anderem aus M\u00e4rchen wie \u201eEngel des Herrn\u201c oder \u201eT\u0159i \u017eivoty\u201c bekannt. In ihrer unmittelbaren Umgebung, im Schatten alter B\u00e4ume, entstanden meine ersten Geschichten.\n\nDas Schreiben begleitet mich seit meiner Kindheit. Schon fr\u00fch war es mein Traum, Romane zu verfassen und als Schriftstellerin zu arbeiten \u2013 ein Weg, der sich jedoch als anspruchsvoll und lang erwies.\n\nErste Erfahrungen sammelte ich mit dem Buch Samota Christlhof. Es folgte der Roman Dvan\u00e1ct sp\u00edc\u00edch panen, der alte Geschichten aus dem B\u00f6hmerwald im Zusammenhang mit dem Wirken der Freimaurer im Raum Klatovy beleuchtet.\n\nDer dritte Band dieser thematisch verbundenen Reihe ist inzwischen abgeschlossen.<\/p>\n<p>Ich betreibe die Website rubidos.cz, die inzwischen in vier Sprachen verf\u00fcgbar ist und \u00fcber tausend Sagen aus der gesamten Tschechischen Republik versammelt \u2013 gesammelt, aufgezeichnet und literarisch bearbeitet von mir.\n\nErg\u00e4nzend dazu f\u00fchre ich Social-Media-Kan\u00e4le auf Facebook, Instagram und YouTube, auf denen ich Legenden, Orte und Geschichten in filmischer Form dokumentiere und weiterentwickle.<\/p>\n<p>Ich begebe mich gerne mit voller Leidenschaft auf die Suche nach neuen Abenteuern. Besonders faszinieren mich megalithische Bauwerke und alte Zivilisationen.\n\nIch habe mehrere B\u00fccher ver\u00f6ffentlicht (siehe Liste unten), und nach einem dieser Werke sind auch diese Seiten benannt. Website und B\u00fccher sollen gleicherma\u00dfen der Inspiration, dem Erz\u00e4hlen und der Weitergabe von Geschichten dienen.\n\nWenn Sie interessante Geschichten, Schicksale oder \u00dcberlieferungen kennen \u2013 aus der Gegenwart oder der Geschichte \u2013, freue ich mich \u00fcber Ihre Kontaktaufnahme.&nbsp;<\/p>\n<p>&nbsp;<\/p>\n<p>Ich bin die Autorin der folgenden B\u00fccher.<\/p>\n<p><strong>Meine Romane<\/strong><\/p>\n<p><strong><a href=\"https:\/\/www.mobaknihy.cz\/samota-christlhof-rubinkova-veronika.html\">DER CHRISTLHOF<\/a> &#8211;<\/strong> Ein Roman \u00fcber ein verfluchtes Haus, bekannt als \u201ePoh\u00e1dka\u201c (deutsch: \u201eM\u00e4rchen\u201c), erschienen im M\u00e4rz 2021 im Verlag MOBA.<\/p>\n<p><a href=\"https:\/\/www.mobaknihy.cz\/dvanact-spicich-panen.html\"><strong>Dvan\u00e1ct sp\u00edc\u00edch panen (Zw\u00f6lf schlafende Jungfrauen)<\/strong><\/a> Ein Mystery-Roman aus dem B\u00f6hmerwald, in dem Sie auf eine geheimnisvolle Legende, eine kroatische Wahrsagerin, einen wahnsinnigen Schriftsteller aus den Tupadelsk\u00e9-Felsen sowie einen r\u00e4tselhaften Mordfall treffen.&nbsp;<\/p>\n<p><strong>B\u00fccher \u00fcber geheimnisvolle Orte<\/strong><\/p>\n<p><a href=\"https:\/\/www.plotknihy.cz\/cs\/sumava-tajemna\/258\/p\/\"><strong>Der geheimnisvolle B\u00f6hmerwald<\/strong><\/a> &#8211; Po stop\u00e1ch z\u00e1had a p\u0159\u00edzrak\u016f (Plot)<\/p>\n<p><a href=\"https:\/\/www.plotknihy.cz\/cs\/sumava-jeste-tajemnejsi\/297\/p\/\"><strong>Der B\u00f6hmerwald \u2013 noch geheimnisvoller<\/strong> <\/a>&#8211; P\u0159\u00edzraky znovu o\u017e\u00edvaj\u00ed (Plot)<\/p>\n<p><a href=\"https:\/\/www.megaknihy.cz\/mystika-magie\/137855-prokleta-mista-cech-a-moravy.html\"><strong>Verfluchte Orte in B\u00f6hmen und M\u00e4hren<\/strong><\/a> (Plot)<\/p>\n<p><a href=\"https:\/\/www.kosmas.cz\/knihy\/211492\/tajemne-sily-cech-a-moravy\/\"><strong>Die geheimnisvollen Kr\u00e4fte B\u00f6hmens und M\u00e4hrens<\/strong> <\/a>(Plot)<\/p>\n<p><a href=\"https:\/\/www.grada.cz\/prokleta-a-tajemna-mista-cech-a-moravy-9868\/?cjdata=MXxZfDB8WXww&amp;utm_source=8280252&amp;utm_medium=affiliate&amp;utm_campaign=CJ_4023395&amp;utm_content=GradaCZ_google_all&amp;cjevent=2939808a1a6a11ef81dc46e50a18b8f9\"><strong>Verfluchte Orte in B\u00f6hmen und M\u00e4hren II.<\/strong><\/a> (Grada)<\/p>\n<p>&nbsp;<\/p>\n<p>&nbsp;<\/p>\n<p>&nbsp;<\/p>","protected":false},"excerpt":{"rendered":"<p>V\u00edt\u00e1m v\u00e1s \u010dten\u00e1\u0159i a d\u011bkuji, \u017ee jste nav\u0161t\u00edvil\/a m\u00e9 str\u00e1nky. Jmenuji se Veronika Rub\u00ednkov\u00e1 a nos\u00edm p\u0159\u00edjmen\u00ed po sv\u00e9m d\u011bde\u010dkovi a babi\u010dce, ke kter\u00fdm jsem m\u011bla v\u017edycky kr\u00e1sn\u00fd vztah. Byl to m\u016fj d\u011bde\u010dek, kdo ve mn\u011b probudil l\u00e1sku k p\u0159\u00edrod\u011b,&#8230; <a class=\"more-link\" href=\"https:\/\/www.prokletamista.cz\/de\/o-mne\/\">Weiterlesen &rarr;<\/a><\/p>","protected":false},"author":1,"featured_media":2956,"parent":0,"menu_order":0,"comment_status":"closed","ping_status":"closed","template":"","meta":{"_monsterinsights_skip_tracking":false,"_monsterinsights_sitenote_active":false,"_monsterinsights_sitenote_note":"","_monsterinsights_sitenote_category":0,"ngg_post_thumbnail":0,"footnotes":""},"class_list":["post-380","page","type-page","status-publish","has-post-thumbnail","hentry"],"yoast_head":"<!-- This site is optimized with the Yoast SEO plugin v27.6 - https:\/\/yoast.com\/product\/yoast-seo-wordpress\/ -->\n<title>O MN\u011a - Veronika Rub\u00ednkov\u00e1<\/title>\n<meta name=\"robots\" content=\"index, follow, max-snippet:-1, max-image-preview:large, max-video-preview:-1\" \/>\n<link rel=\"canonical\" href=\"https:\/\/www.prokletamista.cz\/de\/o-mne\/\" \/>\n<meta property=\"og:locale\" content=\"de_DE\" \/>\n<meta property=\"og:type\" content=\"article\" \/>\n<meta property=\"og:title\" content=\"O MN\u011a - Veronika Rub\u00ednkov\u00e1\" \/>\n<meta property=\"og:description\" content=\"V\u00edt\u00e1m v\u00e1s \u010dten\u00e1\u0159i a d\u011bkuji, \u017ee jste nav\u0161t\u00edvil\/a m\u00e9 str\u00e1nky. Jmenuji se Veronika Rub\u00ednkov\u00e1 a nos\u00edm p\u0159\u00edjmen\u00ed po sv\u00e9m d\u011bde\u010dkovi a babi\u010dce, ke kter\u00fdm jsem m\u011bla v\u017edycky kr\u00e1sn\u00fd vztah. Byl to m\u016fj d\u011bde\u010dek, kdo ve mn\u011b probudil l\u00e1sku k p\u0159\u00edrod\u011b,... Weiterlesen &rarr;\" \/>\n<meta property=\"og:url\" content=\"https:\/\/www.prokletamista.cz\/de\/o-mne\/\" \/>\n<meta property=\"og:site_name\" content=\"Veronika Rub\u00ednkov\u00e1\" \/>\n<meta property=\"article:publisher\" content=\"https:\/\/www.facebook.com\/prokletamista\/\" \/>\n<meta property=\"article:modified_time\" content=\"2026-05-05T16:23:10+00:00\" \/>\n<meta property=\"og:image\" content=\"https:\/\/www.prokletamista.cz\/wp-content\/uploads\/2026\/05\/515921042_2767908273411667_3470617182607113968_n-scaled.jpg\" \/>\n\t<meta property=\"og:image:width\" content=\"1154\" \/>\n\t<meta property=\"og:image:height\" content=\"2560\" \/>\n\t<meta property=\"og:image:type\" content=\"image\/jpeg\" \/>\n<meta name=\"twitter:card\" content=\"summary_large_image\" \/>\n<meta name=\"twitter:label1\" content=\"Gesch\u00e4tzte Lesezeit\" \/>\n\t<meta name=\"twitter:data1\" content=\"3\u00a0Minuten\" \/>\n<script type=\"application\/ld+json\" class=\"yoast-schema-graph\">{\"@context\":\"https:\\\/\\\/schema.org\",\"@graph\":[{\"@type\":\"WebPage\",\"@id\":\"https:\\\/\\\/www.prokletamista.cz\\\/o-mne\\\/\",\"url\":\"https:\\\/\\\/www.prokletamista.cz\\\/o-mne\\\/\",\"name\":\"O MN\u011a - Veronika Rub\u00ednkov\u00e1\",\"isPartOf\":{\"@id\":\"https:\\\/\\\/www.prokletamista.cz\\\/#website\"},\"primaryImageOfPage\":{\"@id\":\"https:\\\/\\\/www.prokletamista.cz\\\/o-mne\\\/#primaryimage\"},\"image\":{\"@id\":\"https:\\\/\\\/www.prokletamista.cz\\\/o-mne\\\/#primaryimage\"},\"thumbnailUrl\":\"https:\\\/\\\/i0.wp.com\\\/www.prokletamista.cz\\\/wp-content\\\/uploads\\\/2026\\\/05\\\/515921042_2767908273411667_3470617182607113968_n-scaled.jpg?fit=1154%2C2560&ssl=1\",\"datePublished\":\"2016-02-24T12:27:28+00:00\",\"dateModified\":\"2026-05-05T16:23:10+00:00\",\"breadcrumb\":{\"@id\":\"https:\\\/\\\/www.prokletamista.cz\\\/o-mne\\\/#breadcrumb\"},\"inLanguage\":\"de\",\"potentialAction\":[{\"@type\":\"ReadAction\",\"target\":[\"https:\\\/\\\/www.prokletamista.cz\\\/o-mne\\\/\"]}]},{\"@type\":\"ImageObject\",\"inLanguage\":\"de\",\"@id\":\"https:\\\/\\\/www.prokletamista.cz\\\/o-mne\\\/#primaryimage\",\"url\":\"https:\\\/\\\/i0.wp.com\\\/www.prokletamista.cz\\\/wp-content\\\/uploads\\\/2026\\\/05\\\/515921042_2767908273411667_3470617182607113968_n-scaled.jpg?fit=1154%2C2560&ssl=1\",\"contentUrl\":\"https:\\\/\\\/i0.wp.com\\\/www.prokletamista.cz\\\/wp-content\\\/uploads\\\/2026\\\/05\\\/515921042_2767908273411667_3470617182607113968_n-scaled.jpg?fit=1154%2C2560&ssl=1\",\"width\":1154,\"height\":2560},{\"@type\":\"BreadcrumbList\",\"@id\":\"https:\\\/\\\/www.prokletamista.cz\\\/o-mne\\\/#breadcrumb\",\"itemListElement\":[{\"@type\":\"ListItem\",\"position\":1,\"name\":\"Dom\u016f\",\"item\":\"https:\\\/\\\/www.prokletamista.cz\\\/\"},{\"@type\":\"ListItem\",\"position\":2,\"name\":\"O MN\u011a\"}]},{\"@type\":\"WebSite\",\"@id\":\"https:\\\/\\\/www.prokletamista.cz\\\/#website\",\"url\":\"https:\\\/\\\/www.prokletamista.cz\\\/\",\"name\":\"Veronika Rub\u00ednkov\u00e1\",\"description\":\"Proklet\u00e1 m\u00edsta, legendy a historie Evropy\",\"potentialAction\":[{\"@type\":\"SearchAction\",\"target\":{\"@type\":\"EntryPoint\",\"urlTemplate\":\"https:\\\/\\\/www.prokletamista.cz\\\/?s={search_term_string}\"},\"query-input\":{\"@type\":\"PropertyValueSpecification\",\"valueRequired\":true,\"valueName\":\"search_term_string\"}}],\"inLanguage\":\"de\"}]}<\/script>\n<!-- \/ Yoast SEO plugin. -->","yoast_head_json":{"title":"O MN\u011a - Veronika Rub\u00ednkov\u00e1","robots":{"index":"index","follow":"follow","max-snippet":"max-snippet:-1","max-image-preview":"max-image-preview:large","max-video-preview":"max-video-preview:-1"},"canonical":"https:\/\/www.prokletamista.cz\/de\/o-mne\/","og_locale":"de_DE","og_type":"article","og_title":"O MN\u011a - Veronika Rub\u00ednkov\u00e1","og_description":"V\u00edt\u00e1m v\u00e1s \u010dten\u00e1\u0159i a d\u011bkuji, \u017ee jste nav\u0161t\u00edvil\/a m\u00e9 str\u00e1nky. Jmenuji se Veronika Rub\u00ednkov\u00e1 a nos\u00edm p\u0159\u00edjmen\u00ed po sv\u00e9m d\u011bde\u010dkovi a babi\u010dce, ke kter\u00fdm jsem m\u011bla v\u017edycky kr\u00e1sn\u00fd vztah. Byl to m\u016fj d\u011bde\u010dek, kdo ve mn\u011b probudil l\u00e1sku k p\u0159\u00edrod\u011b,... Weiterlesen &rarr;","og_url":"https:\/\/www.prokletamista.cz\/de\/o-mne\/","og_site_name":"Veronika Rub\u00ednkov\u00e1","article_publisher":"https:\/\/www.facebook.com\/prokletamista\/","article_modified_time":"2026-05-05T16:23:10+00:00","og_image":[{"width":1154,"height":2560,"url":"https:\/\/www.prokletamista.cz\/wp-content\/uploads\/2026\/05\/515921042_2767908273411667_3470617182607113968_n-scaled.jpg","type":"image\/jpeg"}],"twitter_card":"summary_large_image","twitter_misc":{"Gesch\u00e4tzte Lesezeit":"3\u00a0Minuten"},"schema":{"@context":"https:\/\/schema.org","@graph":[{"@type":"WebPage","@id":"https:\/\/www.prokletamista.cz\/o-mne\/","url":"https:\/\/www.prokletamista.cz\/o-mne\/","name":"O MN\u011a - Veronika Rub\u00ednkov\u00e1","isPartOf":{"@id":"https:\/\/www.prokletamista.cz\/#website"},"primaryImageOfPage":{"@id":"https:\/\/www.prokletamista.cz\/o-mne\/#primaryimage"},"image":{"@id":"https:\/\/www.prokletamista.cz\/o-mne\/#primaryimage"},"thumbnailUrl":"https:\/\/i0.wp.com\/www.prokletamista.cz\/wp-content\/uploads\/2026\/05\/515921042_2767908273411667_3470617182607113968_n-scaled.jpg?fit=1154%2C2560&ssl=1","datePublished":"2016-02-24T12:27:28+00:00","dateModified":"2026-05-05T16:23:10+00:00","breadcrumb":{"@id":"https:\/\/www.prokletamista.cz\/o-mne\/#breadcrumb"},"inLanguage":"de","potentialAction":[{"@type":"ReadAction","target":["https:\/\/www.prokletamista.cz\/o-mne\/"]}]},{"@type":"ImageObject","inLanguage":"de","@id":"https:\/\/www.prokletamista.cz\/o-mne\/#primaryimage","url":"https:\/\/i0.wp.com\/www.prokletamista.cz\/wp-content\/uploads\/2026\/05\/515921042_2767908273411667_3470617182607113968_n-scaled.jpg?fit=1154%2C2560&ssl=1","contentUrl":"https:\/\/i0.wp.com\/www.prokletamista.cz\/wp-content\/uploads\/2026\/05\/515921042_2767908273411667_3470617182607113968_n-scaled.jpg?fit=1154%2C2560&ssl=1","width":1154,"height":2560},{"@type":"BreadcrumbList","@id":"https:\/\/www.prokletamista.cz\/o-mne\/#breadcrumb","itemListElement":[{"@type":"ListItem","position":1,"name":"Dom\u016f","item":"https:\/\/www.prokletamista.cz\/"},{"@type":"ListItem","position":2,"name":"O MN\u011a"}]},{"@type":"WebSite","@id":"https:\/\/www.prokletamista.cz\/#website","url":"https:\/\/www.prokletamista.cz\/","name":"Veronika Rub\u00ednkov\u00e1","description":"Geheimnisvolle Orte, Legenden und Geschichte Europas","potentialAction":[{"@type":"SearchAction","target":{"@type":"EntryPoint","urlTemplate":"https:\/\/www.prokletamista.cz\/?s={search_term_string}"},"query-input":{"@type":"PropertyValueSpecification","valueRequired":true,"valueName":"search_term_string"}}],"inLanguage":"de"}]}},"jetpack_sharing_enabled":true,"jetpack_shortlink":"https:\/\/wp.me\/P7x1Ht-68","jetpack-related-posts":[],"_links":{"self":[{"href":"https:\/\/www.prokletamista.cz\/de\/wp-json\/wp\/v2\/pages\/380","targetHints":{"allow":["GET"]}}],"collection":[{"href":"https:\/\/www.prokletamista.cz\/de\/wp-json\/wp\/v2\/pages"}],"about":[{"href":"https:\/\/www.prokletamista.cz\/de\/wp-json\/wp\/v2\/types\/page"}],"author":[{"embeddable":true,"href":"https:\/\/www.prokletamista.cz\/de\/wp-json\/wp\/v2\/users\/1"}],"replies":[{"embeddable":true,"href":"https:\/\/www.prokletamista.cz\/de\/wp-json\/wp\/v2\/comments?post=380"}],"version-history":[{"count":12,"href":"https:\/\/www.prokletamista.cz\/de\/wp-json\/wp\/v2\/pages\/380\/revisions"}],"predecessor-version":[{"id":2959,"href":"https:\/\/www.prokletamista.cz\/de\/wp-json\/wp\/v2\/pages\/380\/revisions\/2959"}],"wp:featuredmedia":[{"embeddable":true,"href":"https:\/\/www.prokletamista.cz\/de\/wp-json\/wp\/v2\/media\/2956"}],"wp:attachment":[{"href":"https:\/\/www.prokletamista.cz\/de\/wp-json\/wp\/v2\/media?parent=380"}],"curies":[{"name":"wp","href":"https:\/\/api.w.org\/{rel}","templated":true}]}}